{"id":32,"date":"2025-09-21T20:35:43","date_gmt":"2025-09-21T20:35:43","guid":{"rendered":"https:\/\/bpd.hr\/?page_id=32"},"modified":"2025-10-13T08:00:54","modified_gmt":"2025-10-13T08:00:54","slug":"suradnja","status":"publish","type":"page","link":"https:\/\/bpd.hr\/index.php\/suradnja\/","title":{"rendered":"Suradnja"},"content":{"rendered":"<p>[et_pb_section fb_built=&#8221;1&#8243; admin_label=&#8221;Section&#8221; _builder_version=&#8221;4.26.0&#8243; _module_preset=&#8221;6bf436b1-90b5-4948-a459-810be3b568af&#8221; collapsed=&#8221;on&#8221; global_colors_info=&#8221;{}&#8221;][et_pb_row _builder_version=&#8221;4.26.0&#8243; _module_preset=&#8221;7b7ab1aa-f777-4b60-8b61-08f43a5cfdf1&#8243; global_colors_info=&#8221;{}&#8221;][et_pb_column type=&#8221;4_4&#8243; _builder_version=&#8221;4.26.0&#8243; _module_preset=&#8221;e2305241-b062-4fef-aeb7-d47fcd1f692d&#8221; global_colors_info=&#8221;{}&#8221;][et_pb_heading title=&#8221;@ET-DC@eyJkeW5hbWljIjp0cnVlLCJjb250ZW50IjoicG9zdF90aXRsZSIsInNldHRpbmdzIjp7ImJlZm9yZSI6IiIsImFmdGVyIjoiIn19@&#8221; _builder_version=&#8221;4.26.0&#8243; _dynamic_attributes=&#8221;title&#8221; _module_preset=&#8221;5c84a534-b27f-4309-8fe2-678178d22489&#8243; custom_margin=&#8221;||10px||false|false&#8221; global_colors_info=&#8221;{}&#8221;][\/et_pb_heading][et_pb_text _builder_version=&#8221;4.27.4&#8243; _module_preset=&#8221;3b9804fe-f121-4ac1-9c7f-239b999f317e&#8221; global_colors_info=&#8221;{}&#8221;]<\/p>\n<p>&nbsp;<\/p>\n<ul>\n<li><b><span lang=\"HR\">Suradnja s na\u0161om kompanijom donosi vam konkretne benefite koji \u010dine razliku<\/span><\/b><\/li>\n<li><strong>Stru\u010dan i pouzdan tim<\/strong><br \/>Na\u0161 tim \u010dine iskusni IT profesionalci s dubinskim razumijevanjem industrije i specijalizacijom u podru\u010dju ITS tehnologija.<\/li>\n<li><strong>Prilago\u0111ena rje\u0161enja<\/strong><br \/>Svakom projektu pristupamo individualno, kreiraju\u0107i tehnolo\u0161ka rje\u0161enja koja odgovaraju stvarnim potrebama va\u0161eg poslovanja.<\/li>\n<li><strong>Tehni\u010dka izvrsnost<\/strong><br \/>Primjenjujemo moderne tehnologije i najbolje prakse kako bismo osigurali visoku kvalitetu, stabilnost i sigurnost na\u0161ih sustava.<\/li>\n<li><strong>Fokus na rezultate<\/strong><br \/>Na\u0161 cilj nije samo isporuka proizvoda \u2013 ve\u0107 stvaranje konkretne vrijednosti za va\u0161e poslovanje kroz optimizaciju procesa i pove\u0107anje efikasnosti.<\/li>\n<\/ul>\n<p>[\/et_pb_text][et_pb_button button_text=&#8221;Learn More&#8221; _builder_version=&#8221;4.26.0&#8243; _module_preset=&#8221;7de5bef4-0539-498c-b07c-9b7d4d8e74e8&#8243; global_colors_info=&#8221;{}&#8221;][\/et_pb_button][\/et_pb_column][\/et_pb_row][\/et_pb_section]<\/p>\n","protected":false},"excerpt":{"rendered":"<p>&nbsp; Suradnja s na\u0161om kompanijom donosi vam konkretne benefite koji \u010dine razliku Stru\u010dan i pouzdan timNa\u0161 tim \u010dine iskusni IT profesionalci s dubinskim razumijevanjem industrije i specijalizacijom u podru\u010dju ITS tehnologija. Prilago\u0111ena rje\u0161enjaSvakom projektu pristupamo individualno, kreiraju\u0107i tehnolo\u0161ka rje\u0161enja koja odgovaraju stvarnim potrebama va\u0161eg poslovanja. Tehni\u010dka izvrsnostPrimjenjujemo moderne tehnologije i najbolje prakse kako bismo osigurali [&hellip;]<\/p>\n","protected":false},"author":1,"featured_media":0,"parent":0,"menu_order":0,"comment_status":"closed","ping_status":"closed","template":"","meta":{"_et_pb_use_builder":"on","_et_pb_old_content":"","_et_gb_content_width":"","footnotes":""},"class_list":["post-32","page","type-page","status-publish","hentry"],"_links":{"self":[{"href":"https:\/\/bpd.hr\/index.php\/wp-json\/wp\/v2\/pages\/32","targetHints":{"allow":["GET"]}}],"collection":[{"href":"https:\/\/bpd.hr\/index.php\/wp-json\/wp\/v2\/pages"}],"about":[{"href":"https:\/\/bpd.hr\/index.php\/wp-json\/wp\/v2\/types\/page"}],"author":[{"embeddable":true,"href":"https:\/\/bpd.hr\/index.php\/wp-json\/wp\/v2\/users\/1"}],"replies":[{"embeddable":true,"href":"https:\/\/bpd.hr\/index.php\/wp-json\/wp\/v2\/comments?post=32"}],"version-history":[{"count":2,"href":"https:\/\/bpd.hr\/index.php\/wp-json\/wp\/v2\/pages\/32\/revisions"}],"predecessor-version":[{"id":158,"href":"https:\/\/bpd.hr\/index.php\/wp-json\/wp\/v2\/pages\/32\/revisions\/158"}],"wp:attachment":[{"href":"https:\/\/bpd.hr\/index.php\/wp-json\/wp\/v2\/media?parent=32"}],"curies":[{"name":"wp","href":"https:\/\/api.w.org\/{rel}","templated":true}]}}