{"id":16,"date":"2025-09-21T20:35:43","date_gmt":"2025-09-21T20:35:43","guid":{"rendered":"https:\/\/bpd.hr\/?page_id=16"},"modified":"2026-03-23T10:48:48","modified_gmt":"2026-03-23T10:48:48","slug":"home","status":"publish","type":"page","link":"https:\/\/bpd.hr\/","title":{"rendered":"Home"},"content":{"rendered":"<p>[et_pb_section fb_built=&#8221;1&#8243; admin_label=&#8221;Header&#8221; _builder_version=&#8221;4.27.4&#8243; _module_preset=&#8221;d68e8e86-9519-4be1-b192-3d7e78a4f59c&#8221; background_color_gradient_direction=&#8221;135deg&#8221; background_color_gradient_stops=&#8221;rgba(255,255,255,0) 50%|gcid-primary-color 100%&#8221; overflow-x=&#8221;hidden&#8221; overflow-y=&#8221;hidden&#8221; collapsed=&#8221;off&#8221; global_colors_info=&#8221;{}&#8221;][et_pb_row column_structure=&#8221;1_2,1_2&#8243; _builder_version=&#8221;4.27.4&#8243; _module_preset=&#8221;default&#8221; global_colors_info=&#8221;{}&#8221;][et_pb_column type=&#8221;1_2&#8243; _builder_version=&#8221;4.27.4&#8243; _module_preset=&#8221;default&#8221; z_index=&#8221;10&#8243; custom_padding=&#8221;10%||||false|false&#8221; custom_padding_tablet=&#8221;0%||||false|false&#8221; custom_padding_phone=&#8221;0%||||false|false&#8221; custom_padding_last_edited=&#8221;on|tablet&#8221; global_colors_info=&#8221;{}&#8221;][et_pb_heading title=&#8221;Povezani gradovi. Pametna mobilnost. Sigurna budu\u0107nost.&#8221; _builder_version=&#8221;4.27.4&#8243; _module_preset=&#8221;5c84a534-b27f-4309-8fe2-678178d22489&#8243; global_colors_info=&#8221;{}&#8221;][\/et_pb_heading][et_pb_text _builder_version=&#8221;4.27.6&#8243; _module_preset=&#8221;3b9804fe-f121-4ac1-9c7f-239b999f317e&#8221; hover_enabled=&#8221;0&#8243; global_colors_info=&#8221;{}&#8221; sticky_enabled=&#8221;0&#8243;]<\/p>\n<div dir=\"auto\">\n<div dir=\"auto\">Kroz integraciju naprednih tehnologija i pametne infrastrukture omogu\u0107avamo br\u017eu razmjenu informacija, sigurniji promet i efikasnije upravljanje sistemima.<\/div>\n<div dir=\"auto\"><\/div>\n<\/div>\n<p>[\/et_pb_text][et_pb_button button_text=&#8221;Vi\u0161e o nama&#8221; _builder_version=&#8221;4.27.4&#8243; _module_preset=&#8221;d6da8254-55c8-4c8c-a904-1baedba25880&#8243; global_colors_info=&#8221;{}&#8221;][\/et_pb_button][\/et_pb_column][et_pb_column type=&#8221;1_2&#8243; _builder_version=&#8221;4.27.4&#8243; _module_preset=&#8221;default&#8221; global_colors_info=&#8221;{}&#8221;][et_pb_image src=&#8221;https:\/\/bpd.hr\/wp-content\/uploads\/2025\/09\/Illustration-V2.png&#8221; title_text=&#8221;Illustration V2&#8243; _builder_version=&#8221;4.27.4&#8243; _module_preset=&#8221;default&#8221; custom_margin=&#8221;|-10vw|||false|false&#8221; global_colors_info=&#8221;{}&#8221;][\/et_pb_image][\/et_pb_column][\/et_pb_row][\/et_pb_section][et_pb_section fb_built=&#8221;1&#8243; admin_label=&#8221;Services &#038; CTA&#8221; _builder_version=&#8221;4.27.4&#8243; _module_preset=&#8221;default&#8221; collapsed=&#8221;on&#8221; global_colors_info=&#8221;{}&#8221;][et_pb_row column_structure=&#8221;3_5,2_5&#8243; use_custom_gutter=&#8221;on&#8221; gutter_width=&#8221;2&#8243; make_equal=&#8221;on&#8221; _builder_version=&#8221;4.27.4&#8243; _module_preset=&#8221;default&#8221; global_colors_info=&#8221;{}&#8221;][et_pb_column type=&#8221;3_5&#8243; _builder_version=&#8221;4.27.4&#8243; _module_preset=&#8221;2f898526-5c67-446c-91e9-7c60764f10d9&#8243; global_colors_info=&#8221;{}&#8221;][et_pb_image src=&#8221;https:\/\/bpd.hr\/wp-content\/uploads\/2025\/09\/cyber-security-illustrations-03_3.png&#8221; title_text=&#8221;_cyber-security-illustrations-03_3&#8243; _builder_version=&#8221;4.27.4&#8243; _module_preset=&#8221;default&#8221; global_colors_info=&#8221;{}&#8221;][\/et_pb_image][et_pb_heading title=&#8221;Budite ispred svih s pogledom na Va\u0161e podatke u stvarnom vremenu&#8221; _builder_version=&#8221;4.27.4&#8243; _module_preset=&#8221;ecc10468-819f-4e3c-9ba3-378d765db0a9&#8243; title_text_color=&#8221;#FFFFFF&#8221; global_colors_info=&#8221;{}&#8221;][\/et_pb_heading][et_pb_text _builder_version=&#8221;4.27.6&#8243; _module_preset=&#8221;3b9804fe-f121-4ac1-9c7f-239b999f317e&#8221; custom_padding=&#8221;||3px|22px||&#8221; global_colors_info=&#8221;{}&#8221;]<\/p>\n<div dir=\"auto\">Pametni podaci. Br\u017ee odluke. Bolji rezultati.<\/div>\n<div dir=\"auto\">Na\u0161a rje\u0161enja povezuju tehnologiju, infrastrukturu i vozila kako biste imali potpuni pregled i kontrolu u stvarnom vremenu.<\/div>\n<p>[\/et_pb_text][\/et_pb_column][et_pb_column type=&#8221;2_5&#8243; _builder_version=&#8221;4.27.4&#8243; _module_preset=&#8221;7f51040d-2a40-45a4-8fa5-c0fd6cd0127f&#8221; border_width_all=&#8221;20px&#8221; border_color_all=&#8221;#FFFFFF&#8221; global_colors_info=&#8221;{}&#8221;][et_pb_heading title=&#8221;Inovacija. Povezivost. Odr\u017eivost.&#8221; _builder_version=&#8221;4.27.4&#8243; _module_preset=&#8221;cf16a93a-33c5-4232-8e01-c5d53a41bcd9&#8243; title_text_color=&#8221;#FFFFFF&#8221; global_colors_info=&#8221;{}&#8221;][\/et_pb_heading][et_pb_heading title=&#8221;Zajedno oblikujemo gradove budu\u0107nosti.&#8221; _builder_version=&#8221;4.27.4&#8243; _module_preset=&#8221;c99e349a-a6c9-4c7a-86b6-bd38c342c79e&#8221; title_text_color=&#8221;#FFFFFF&#8221; custom_margin=&#8221;20%||||false|false&#8221; global_colors_info=&#8221;{}&#8221;][\/et_pb_heading][et_pb_button button_text=&#8221;Vi\u0161e o nama&#8221; _builder_version=&#8221;4.27.4&#8243; _module_preset=&#8221;7de5bef4-0539-498c-b07c-9b7d4d8e74e8&#8243; global_colors_info=&#8221;{}&#8221;][\/et_pb_button][\/et_pb_column][\/et_pb_row][et_pb_row column_structure=&#8221;1_4,1_4,1_4,1_4&#8243; use_custom_gutter=&#8221;on&#8221; gutter_width=&#8221;1&#8243; make_equal=&#8221;on&#8221; _builder_version=&#8221;4.27.4&#8243; _module_preset=&#8221;default&#8221; custom_padding=&#8221;0px||0px||true|false&#8221; border_radii=&#8221;on|20px|20px|20px|20px&#8221; border_width_all=&#8221;1px&#8221; border_color_all=&#8221;gcid-4feaf3f4-8593-4bc6-b6f0-e63b4fa29690&#8243; global_colors_info=&#8221;{%22gcid-4feaf3f4-8593-4bc6-b6f0-e63b4fa29690%22:%91%22border_color_all%22%93}&#8221;][et_pb_column type=&#8221;1_4&#8243; _builder_version=&#8221;4.27.4&#8243; _module_preset=&#8221;912c2742-62c0-4c36-97fb-33c92b504e1e&#8221; link_option_url=&#8221;#&#8221; hover_enabled=&#8221;1&#8243; global_colors_info=&#8221;{%22gcid-4feaf3f4-8593-4bc6-b6f0-e63b4fa29690%22:%91%22box_shadow_color%22%93,%22gcid-d65ef8c3-2676-44d1-9d8b-e6c3e3d783d9%22:%91%22background_color%22%93}&#8221;][et_pb_image src=&#8221;https:\/\/bpd.hr\/wp-content\/uploads\/2025\/09\/v2x.png&#8221; title_text=&#8221;v2x&#8221; _builder_version=&#8221;4.27.4&#8243; _module_preset=&#8221;default&#8221; max_width=&#8221;120px&#8221; module_alignment=&#8221;center&#8221; global_colors_info=&#8221;{}&#8221;][\/et_pb_image][et_pb_button button_text=&#8221;V2X komunikacija&#8221; button_alignment=&#8221;center&#8221; _builder_version=&#8221;4.27.4&#8243; _module_preset=&#8221;e981ec7d-7d35-4c60-8fbd-5eda0fd477ae&#8221; button_text_color=&#8221;#FFFFFF&#8221; custom_margin=&#8221;30px||||false|false&#8221; global_colors_info=&#8221;{}&#8221;][\/et_pb_button][\/et_pb_column][et_pb_column type=&#8221;1_4&#8243; _builder_version=&#8221;4.27.4&#8243; _module_preset=&#8221;912c2742-62c0-4c36-97fb-33c92b504e1e&#8221; link_option_url=&#8221;#&#8221; global_colors_info=&#8221;{%22gcid-4feaf3f4-8593-4bc6-b6f0-e63b4fa29690%22:%91%22box_shadow_color%22%93,%22gcid-d65ef8c3-2676-44d1-9d8b-e6c3e3d783d9%22:%91%22background_color%22%93}&#8221;][et_pb_image src=&#8221;https:\/\/bpd.hr\/wp-content\/uploads\/2025\/09\/cyber-security-illustrations-15.png&#8221; title_text=&#8221;cyber-security-illustrations-15&#8243; _builder_version=&#8221;4.27.4&#8243; _module_preset=&#8221;default&#8221; max_width=&#8221;120px&#8221; module_alignment=&#8221;center&#8221; global_colors_info=&#8221;{}&#8221;][\/et_pb_image][et_pb_button button_text=&#8221;Pametna signalizacija&#8221; button_alignment=&#8221;center&#8221; _builder_version=&#8221;4.27.4&#8243; _module_preset=&#8221;e981ec7d-7d35-4c60-8fbd-5eda0fd477ae&#8221; button_text_color=&#8221;#FFFFFF&#8221; custom_margin=&#8221;30px||||false|false&#8221; global_colors_info=&#8221;{}&#8221;][\/et_pb_button][\/et_pb_column][et_pb_column type=&#8221;1_4&#8243; _builder_version=&#8221;4.27.4&#8243; _module_preset=&#8221;912c2742-62c0-4c36-97fb-33c92b504e1e&#8221; link_option_url=&#8221;#&#8221; global_colors_info=&#8221;{%22gcid-4feaf3f4-8593-4bc6-b6f0-e63b4fa29690%22:%91%22box_shadow_color%22%93,%22gcid-d65ef8c3-2676-44d1-9d8b-e6c3e3d783d9%22:%91%22background_color%22%93}&#8221;][et_pb_image src=&#8221;https:\/\/bpd.hr\/wp-content\/uploads\/2025\/09\/cyber-security-icon-04.png&#8221; title_text=&#8221;cyber-security-icon-04&#8243; _builder_version=&#8221;4.27.4&#8243; _module_preset=&#8221;default&#8221; max_width=&#8221;120px&#8221; module_alignment=&#8221;center&#8221; global_colors_info=&#8221;{}&#8221;][\/et_pb_image][et_pb_button button_text=&#8221;Upravljanje incidentima&#8221; button_alignment=&#8221;center&#8221; _builder_version=&#8221;4.27.4&#8243; _module_preset=&#8221;e981ec7d-7d35-4c60-8fbd-5eda0fd477ae&#8221; button_text_color=&#8221;#FFFFFF&#8221; custom_margin=&#8221;30px||||false|false&#8221; global_colors_info=&#8221;{}&#8221;][\/et_pb_button][\/et_pb_column][et_pb_column type=&#8221;1_4&#8243; _builder_version=&#8221;4.27.4&#8243; _module_preset=&#8221;912c2742-62c0-4c36-97fb-33c92b504e1e&#8221; link_option_url=&#8221;#&#8221; global_colors_info=&#8221;{%22gcid-4feaf3f4-8593-4bc6-b6f0-e63b4fa29690%22:%91%22box_shadow_color%22%93,%22gcid-d65ef8c3-2676-44d1-9d8b-e6c3e3d783d9%22:%91%22background_color%22%93}&#8221;][et_pb_image src=&#8221;https:\/\/bpd.hr\/wp-content\/uploads\/2025\/09\/cyber-security-illustrations-12.png&#8221; title_text=&#8221;cyber-security-illustrations-12&#8243; _builder_version=&#8221;4.27.4&#8243; _module_preset=&#8221;default&#8221; max_width=&#8221;120px&#8221; module_alignment=&#8221;center&#8221; global_colors_info=&#8221;{}&#8221;][\/et_pb_image][et_pb_button button_text=&#8221;SmartCity integracija&#8221; button_alignment=&#8221;center&#8221; _builder_version=&#8221;4.27.4&#8243; _module_preset=&#8221;e981ec7d-7d35-4c60-8fbd-5eda0fd477ae&#8221; button_text_color=&#8221;#FFFFFF&#8221; custom_margin=&#8221;30px||||false|false&#8221; global_colors_info=&#8221;{}&#8221;][\/et_pb_button][\/et_pb_column][\/et_pb_row][\/et_pb_section][et_pb_section fb_built=&#8221;1&#8243; admin_label=&#8221;Call to Action&#8221; _builder_version=&#8221;4.27.4&#8243; _module_preset=&#8221;default&#8221; collapsed=&#8221;on&#8221; global_colors_info=&#8221;{}&#8221;][et_pb_row _builder_version=&#8221;4.27.4&#8243; _module_preset=&#8221;8b4e8cd6-2a18-450e-882f-a8901b3dbbe8&#8243; background_image=&#8221;https:\/\/bpd.hr\/wp-content\/uploads\/2025\/09\/cyber-security-backgrounds-02@2x.png&#8221; custom_padding=&#8221;8vw|60px|8vw|60px|true|true&#8221; custom_padding_tablet=&#8221;8vw|30px|8vw|30px|true|true&#8221; custom_padding_phone=&#8221;8vw|20px|8vw|20px|true|true&#8221; border_radii=&#8221;on|20px|20px|20px|20px&#8221; border_color_all=&#8221;gcid-primary-color&#8221; locked=&#8221;off&#8221; global_colors_info=&#8221;{%22gcid-primary-color%22:%91%22border_color_all%22%93}&#8221;][et_pb_column type=&#8221;4_4&#8243; _builder_version=&#8221;4.26.0&#8243; _module_preset=&#8221;e2305241-b062-4fef-aeb7-d47fcd1f692d&#8221; global_colors_info=&#8221;{}&#8221;][et_pb_cta title=&#8221;Ubzrajte digitalnu transformaciju Va\u0161e infrastrukture&#8221; button_url=&#8221;#&#8221; button_text=&#8221;Vi\u0161e o nama&#8221; _builder_version=&#8221;4.27.4&#8243; _module_preset=&#8221;023fb9e5-13a2-451e-9dd1-a453d4c550dd&#8221; max_width=&#8221;900px&#8221; module_alignment=&#8221;center&#8221; global_colors_info=&#8221;{}&#8221;]<\/p>\n<p><span>Radimo u suradnji s gradovima, prometnim agencijama i industrijskim partnerima kako bismo ubrzali digitalnu transformaciju mobilnosti.<\/span><\/p>\n<p>[\/et_pb_cta][\/et_pb_column][\/et_pb_row][\/et_pb_section]<\/p>\n","protected":false},"excerpt":{"rendered":"<p>Kroz integraciju naprednih tehnologija i pametne infrastrukture omogu\u0107avamo br\u017eu razmjenu informacija, sigurniji promet i efikasnije upravljanje sistemima. Pametni podaci. Br\u017ee odluke. Bolji rezultati. Na\u0161a rje\u0161enja povezuju tehnologiju, infrastrukturu i vozila kako biste imali potpuni pregled i kontrolu u stvarnom vremenu.Radimo u suradnji s gradovima, prometnim agencijama i industrijskim partnerima kako bismo ubrzali digitalnu transformaciju mobilnosti.<\/p>\n","protected":false},"author":1,"featured_media":0,"parent":0,"menu_order":0,"comment_status":"closed","ping_status":"closed","template":"","meta":{"_et_pb_use_builder":"on","_et_pb_old_content":"","_et_gb_content_width":"","footnotes":""},"class_list":["post-16","page","type-page","status-publish","hentry"],"_links":{"self":[{"href":"https:\/\/bpd.hr\/index.php\/wp-json\/wp\/v2\/pages\/16","targetHints":{"allow":["GET"]}}],"collection":[{"href":"https:\/\/bpd.hr\/index.php\/wp-json\/wp\/v2\/pages"}],"about":[{"href":"https:\/\/bpd.hr\/index.php\/wp-json\/wp\/v2\/types\/page"}],"author":[{"embeddable":true,"href":"https:\/\/bpd.hr\/index.php\/wp-json\/wp\/v2\/users\/1"}],"replies":[{"embeddable":true,"href":"https:\/\/bpd.hr\/index.php\/wp-json\/wp\/v2\/comments?post=16"}],"version-history":[{"count":14,"href":"https:\/\/bpd.hr\/index.php\/wp-json\/wp\/v2\/pages\/16\/revisions"}],"predecessor-version":[{"id":168,"href":"https:\/\/bpd.hr\/index.php\/wp-json\/wp\/v2\/pages\/16\/revisions\/168"}],"wp:attachment":[{"href":"https:\/\/bpd.hr\/index.php\/wp-json\/wp\/v2\/media?parent=16"}],"curies":[{"name":"wp","href":"https:\/\/api.w.org\/{rel}","templated":true}]}}